{"id":48171,"date":"2022-11-19T19:44:58","date_gmt":"2022-11-19T19:44:58","guid":{"rendered":"https:\/\/gladtreasures.com\/?product=blu-z5-gsm-unlocked-dual-sim-cyan"},"modified":"2023-04-10T18:56:35","modified_gmt":"2023-04-10T18:56:35","slug":"blu-z5-gsm-unlocked-dual-sim-cyan","status":"publish","type":"product","link":"https:\/\/gladtreasures.com\/?product=blu-z5-gsm-unlocked-dual-sim-cyan","title":{"rendered":"BLU Z5 -GSM Unlocked Dual Sim -Cyan"},"content":{"rendered":"<p><!-- show up to 2 reviews by default --> <\/p>\n<p> <span>El X5 fue dise\u00f1ado para ser compacto pero ofrece una presencia elegante con muchas opciones de color. Un patr\u00f3n adorna la tapa de la bater\u00eda para una gran mejora est\u00e9tica. Disponible en negro, azul, cian, gris y blanco.<\/p>\n<p>\u05d4-X5 \u05ea\u05d5\u05db\u05e0\u05df \u05dc\u05d4\u05d9\u05d5\u05ea \u05e7\u05d5\u05de\u05e4\u05e7\u05d8\u05d9 \u05d0\u05da \u05de\u05e6\u05d9\u05e2 \u05e0\u05d5\u05db\u05d7\u05d5\u05ea \u05de\u05e1\u05d5\u05d2\u05e0\u05e0\u05ea \u05e2\u05dd \u05d0\u05e4\u05e9\u05e8\u05d5\u05d9\u05d5\u05ea \u05e6\u05d1\u05e2 \u05e8\u05d1\u05d5\u05ea. \u05d3\u05e4\u05d5\u05e1 \u05de\u05d7\u05d3\u05d9\u05e8 \u05d0\u05ea \u05db\u05d9\u05e1\u05d5\u05d9 \u05d4\u05e1\u05d5\u05dc\u05dc\u05d4 \u05dc\u05e9\u05d9\u05e4\u05d5\u05e8 \u05d0\u05e1\u05ea\u05d8\u05d9 \u05e0\u05d4\u05d3\u05e8. \u05d6\u05de\u05d9\u05df \u05d1\u05e9\u05d7\u05d5\u05e8, \u05db\u05d7\u05d5\u05dc, \u05d8\u05d5\u05e8\u05e7\u05d9\u05d6, \u05d0\u05e4\u05d5\u05e8 \u05d5\u05dc\u05d1\u05df.<\/p>\n<p>Der X5 wurde so konzipiert, dass er kompakt ist und dennoch eine stilvolle Pr\u00e4senz mit vielen Farboptionen bietet. Ein Muster ziert den Akkudeckel f\u00fcr eine tolle \u00e4sthetische Aufwertung. Erh\u00e4ltlich in Schwarz, Blau, Cyan, Grau und Wei\u00df.<\/p>\n<p>\u062a\u0645 \u062a\u0635\u0645\u064a\u0645 X5 \u0644\u064a\u0643\u0648\u0646 \u0645\u0636\u063a\u0648\u0637\u064b\u0627 \u0648\u0644\u0643\u0646\u0647 \u064a\u0648\u0641\u0631 \u062d\u0636\u0648\u0631\u064b\u0627 \u0623\u0646\u064a\u0642\u064b\u0627 \u0645\u0639 \u0627\u0644\u0639\u062f\u064a\u062f \u0645\u0646 \u062e\u064a\u0627\u0631\u0627\u062a \u0627\u0644\u0623\u0644\u0648\u0627\u0646. \u0646\u0645\u0637 \u064a\u0632\u064a\u0646 \u063a\u0637\u0627\u0621 \u0627\u0644\u0628\u0637\u0627\u0631\u064a\u0629 \u0644\u062a\u062d\u0633\u064a\u0646 \u062c\u0645\u0627\u0644\u064a \u0631\u0627\u0626\u0639. \u0645\u062a\u0648\u0641\u0631 \u0628\u0627\u0644\u0644\u0648\u0646 \u0627\u0644\u0623\u0633\u0648\u062f \u0648\u0627\u0644\u0623\u0632\u0631\u0642 \u0627\u0644\u0633\u0645\u0627\u0648\u064a \u0648\u0627\u0644\u0631\u0645\u0627\u062f\u064a \u0648\u0627\u0644\u0623\u0628\u064a\u0636.<\/p>\n<p>O X5 foi projetado para ser compacto e ainda oferece uma presen\u00e7a elegante com muitas op\u00e7\u00f5es de cores. Um padr\u00e3o agrada a capa da bateria para um \u00f3timo aprimoramento est\u00e9tico. Dispon\u00edvel em preto, azul, ciano, cinza e branco.<\/p>\n<p>X5 \u8bbe\u8ba1\u7d27\u51d1,\u4f46\u5177\u6709\u65f6\u5c1a\u7684\u5916\u89c2,\u591a\u79cd\u989c\u8272\u53ef\u9009\u3002 \u56fe\u6848\u4e3a\u7535\u6c60\u76d6\u63d0\u4f9b\u7edd\u4f73\u5ba1\u7f8e\u6548\u679c\u3002 \u6709\u9ed1\u8272\u3001\u84dd\u8272\u3001\u9752\u8272\u3001\u7070\u8272\u548c\u767d\u8272\u53ef\u4f9b\u9009\u62e9\u3002<\/p>\n<p>X5 \u7684\u8a2d\u8a08\u5c0f\u5de7,\u4f46\u63d0\u4f9b\u6642\u5c1a\u7684\u5916\u89c0,\u6709\u591a\u7a2e\u984f\u8272\u53ef\u4f9b\u9078\u64c7\u3002 \u4e00\u500b\u5716\u6848\u7dca\u8cbc\u96fb\u6c60\u84cb,\u63d0\u5347\u7f8e\u611f\u3002 \u6709\u9ed1\u8272\u3001\u85cd\u8272\u3001\u9752\u8272\u3001\u7070\u8272\u548c\u767d\u8272\u53ef\u4f9b\u9078\u64c7\u3002<\/p>\n<p>X5\ub294 \ucef4\ud329\ud2b8\ud558\uac8c \ub514\uc790\uc778\ub418\uc5c8\uc9c0\ub9cc \ub2e4\uc591\ud55c \uc0c9\uc0c1 \uc635\uc158\uc73c\ub85c \uc138\ub828\ub41c \uc874\uc7ac\uac10\uc744 \uc81c\uacf5\ud569\ub2c8\ub2e4. \ud328\ud134\uc740 \ubc30\ud130\ub9ac \ucee4\ubc84\ub97c \uc6b0\uc544\ud558\uac8c \ud558\uc5ec \ubbf8\uc801 \uac10\uac01\uc744 \ud5a5\uc0c1\uc2dc\ud0b5\ub2c8\ub2e4. \ube14\ub799, \ube14\ub8e8, \uc2dc\uc548, \uadf8\ub808\uc774 \ubc0f \ud654\uc774\ud2b8 \uc0c9\uc0c1\uc73c\ub85c \uc81c\uacf5\ub429\ub2c8\ub2e4.<\/span> <\/p>\n<p>Unlocked Dual SIM; 1.8&#8243; Display 128 x 160 ~114ppi<br \/>\nInternal 32MB | 32MB RAM MicroSD Slot up to 32GB<br \/>\nVGA Camera | 600mAh Battery<br \/>\nBuilt-in FM Antenna MP3 | MP4 Player | Flashlight<br \/>\nGSM 850\/900\/1800\/1900<br \/>\n<\/p>\n","protected":false},"excerpt":{"rendered":"<p>Unlocked Dual SIM; 1.8&#8243; Display 128 x 160 ~114ppi<br \/>\nInternal 32MB | 32MB RAM MicroSD Slot up to 32GB<br \/>\nVGA Camera | 600mAh Battery<\/p>\n","protected":false},"featured_media":48177,"comment_status":"open","ping_status":"closed","template":"","meta":[],"product_cat":[8637,8630],"product_tag":[],"class_list":{"0":"post-48171","1":"product","2":"type-product","3":"status-publish","4":"has-post-thumbnail","6":"product_cat-cell-phones-accessories","7":"product_cat-electronics-shop","8":"pa_batteries-1-lithium-polymer-batteries-required-included","9":"pa_battery-power-rating-12360","10":"pa_brand-visit-the-blu-store","11":"pa_colour-cyan","12":"pa_connectivity-technologies-bluetooth","13":"pa_date-first-available-january-21-2019","14":"pa_form-factor-bar","15":"pa_is-discontinued-by-manufactur-no","16":"pa_item-model-number-bluz5","17":"pa_item-weight-4-6-ounces","18":"pa_manufacturer-blu","19":"pa_other-display-features-wireless","20":"pa_package-dimensions-4-53-x-2-8-x-1-93-inches","21":"pa_ram-12358","22":"pa_wireless-communication-techno-cellular","24":"first","25":"instock","26":"shipping-taxable","27":"product-type-external","28":"col-xs-6 col-sm-4","29":"col-md-3 col-lg-3","30":"un-4-cols"},"yoast_head":"<!-- This site is optimized with the Yoast SEO plugin v23.4 - https:\/\/yoast.com\/wordpress\/plugins\/seo\/ -->\n<title>BLU Z5 -GSM Unlocked Dual Sim -Cyan - gladtreasures.com<\/title>\n<meta name=\"robots\" content=\"index, follow, max-snippet:-1, max-image-preview:large, max-video-preview:-1\" \/>\n<link rel=\"canonical\" href=\"https:\/\/gladtreasures.com\/?product=blu-z5-gsm-unlocked-dual-sim-cyan\" \/>\n<meta property=\"og:locale\" content=\"en_US\" \/>\n<meta property=\"og:type\" content=\"article\" \/>\n<meta property=\"og:title\" content=\"BLU Z5 -GSM Unlocked Dual Sim -Cyan - gladtreasures.com\" \/>\n<meta property=\"og:description\" content=\"Unlocked Dual SIM; 1.8&quot; Display 128 x 160 ~114ppi Internal 32MB | 32MB RAM MicroSD Slot up to 32GB VGA Camera | 600mAh Battery\" \/>\n<meta property=\"og:url\" content=\"https:\/\/gladtreasures.com\/?product=blu-z5-gsm-unlocked-dual-sim-cyan\" \/>\n<meta property=\"og:site_name\" content=\"gladtreasures.com\" \/>\n<meta property=\"article:modified_time\" content=\"2023-04-10T18:56:35+00:00\" \/>\n<meta property=\"og:image\" content=\"https:\/\/m.media-amazon.com\/images\/I\/41vzuIPLw2L.jpg\" \/>\n\t<meta property=\"og:image:width\" content=\"500\" \/>\n\t<meta property=\"og:image:height\" content=\"500\" \/>\n\t<meta property=\"og:image:type\" content=\"image\/jpeg\" \/>\n<meta name=\"twitter:card\" content=\"summary_large_image\" \/>\n<meta name=\"twitter:label1\" content=\"Est. reading time\" \/>\n\t<meta name=\"twitter:data1\" content=\"1 minute\" \/>\n<script type=\"application\/ld+json\" class=\"yoast-schema-graph\">{\"@context\":\"https:\/\/schema.org\",\"@graph\":[{\"@type\":\"WebPage\",\"@id\":\"https:\/\/gladtreasures.com\/?product=blu-z5-gsm-unlocked-dual-sim-cyan\",\"url\":\"https:\/\/gladtreasures.com\/?product=blu-z5-gsm-unlocked-dual-sim-cyan\",\"name\":\"BLU Z5 -GSM Unlocked Dual Sim -Cyan - gladtreasures.com\",\"isPartOf\":{\"@id\":\"https:\/\/gladtreasures.com\/#website\"},\"primaryImageOfPage\":{\"@id\":\"https:\/\/gladtreasures.com\/?product=blu-z5-gsm-unlocked-dual-sim-cyan#primaryimage\"},\"image\":{\"@id\":\"https:\/\/gladtreasures.com\/?product=blu-z5-gsm-unlocked-dual-sim-cyan#primaryimage\"},\"thumbnailUrl\":\"https:\/\/m.media-amazon.com\/images\/I\/41vzuIPLw2L.jpg\",\"datePublished\":\"2022-11-19T19:44:58+00:00\",\"dateModified\":\"2023-04-10T18:56:35+00:00\",\"breadcrumb\":{\"@id\":\"https:\/\/gladtreasures.com\/?product=blu-z5-gsm-unlocked-dual-sim-cyan#breadcrumb\"},\"inLanguage\":\"en-US\",\"potentialAction\":[{\"@type\":\"ReadAction\",\"target\":[\"https:\/\/gladtreasures.com\/?product=blu-z5-gsm-unlocked-dual-sim-cyan\"]}]},{\"@type\":\"ImageObject\",\"inLanguage\":\"en-US\",\"@id\":\"https:\/\/gladtreasures.com\/?product=blu-z5-gsm-unlocked-dual-sim-cyan#primaryimage\",\"url\":\"https:\/\/m.media-amazon.com\/images\/I\/41vzuIPLw2L.jpg\",\"contentUrl\":\"https:\/\/m.media-amazon.com\/images\/I\/41vzuIPLw2L.jpg\",\"width\":500,\"height\":500},{\"@type\":\"BreadcrumbList\",\"@id\":\"https:\/\/gladtreasures.com\/?product=blu-z5-gsm-unlocked-dual-sim-cyan#breadcrumb\",\"itemListElement\":[{\"@type\":\"ListItem\",\"position\":1,\"name\":\"Home\",\"item\":\"https:\/\/gladtreasures.com\/\"},{\"@type\":\"ListItem\",\"position\":2,\"name\":\"Shop\",\"item\":\"https:\/\/gladtreasures.com\/?page_id=9\"},{\"@type\":\"ListItem\",\"position\":3,\"name\":\"BLU Z5 -GSM Unlocked Dual Sim -Cyan\"}]},{\"@type\":\"WebSite\",\"@id\":\"https:\/\/gladtreasures.com\/#website\",\"url\":\"https:\/\/gladtreasures.com\/\",\"name\":\"gladtreasures.com\",\"description\":\"\",\"publisher\":{\"@id\":\"https:\/\/gladtreasures.com\/#organization\"},\"potentialAction\":[{\"@type\":\"SearchAction\",\"target\":{\"@type\":\"EntryPoint\",\"urlTemplate\":\"https:\/\/gladtreasures.com\/?s={search_term_string}\"},\"query-input\":{\"@type\":\"PropertyValueSpecification\",\"valueRequired\":true,\"valueName\":\"search_term_string\"}}],\"inLanguage\":\"en-US\"},{\"@type\":\"Organization\",\"@id\":\"https:\/\/gladtreasures.com\/#organization\",\"name\":\"gladtreasures.com\",\"url\":\"https:\/\/gladtreasures.com\/\",\"logo\":{\"@type\":\"ImageObject\",\"inLanguage\":\"en-US\",\"@id\":\"https:\/\/gladtreasures.com\/#\/schema\/logo\/image\/\",\"url\":\"https:\/\/gladtreasures.com\/wp-content\/uploads\/2023\/10\/cropped-4yyy-removebg-preview-1.png\",\"contentUrl\":\"https:\/\/gladtreasures.com\/wp-content\/uploads\/2023\/10\/cropped-4yyy-removebg-preview-1.png\",\"width\":512,\"height\":512,\"caption\":\"gladtreasures.com\"},\"image\":{\"@id\":\"https:\/\/gladtreasures.com\/#\/schema\/logo\/image\/\"}}]}<\/script>\n<!-- \/ Yoast SEO plugin. -->","yoast_head_json":{"title":"BLU Z5 -GSM Unlocked Dual Sim -Cyan - gladtreasures.com","robots":{"index":"index","follow":"follow","max-snippet":"max-snippet:-1","max-image-preview":"max-image-preview:large","max-video-preview":"max-video-preview:-1"},"canonical":"https:\/\/gladtreasures.com\/?product=blu-z5-gsm-unlocked-dual-sim-cyan","og_locale":"en_US","og_type":"article","og_title":"BLU Z5 -GSM Unlocked Dual Sim -Cyan - gladtreasures.com","og_description":"Unlocked Dual SIM; 1.8\" Display 128 x 160 ~114ppi Internal 32MB | 32MB RAM MicroSD Slot up to 32GB VGA Camera | 600mAh Battery","og_url":"https:\/\/gladtreasures.com\/?product=blu-z5-gsm-unlocked-dual-sim-cyan","og_site_name":"gladtreasures.com","article_modified_time":"2023-04-10T18:56:35+00:00","og_image":[{"width":500,"height":500,"url":"https:\/\/m.media-amazon.com\/images\/I\/41vzuIPLw2L.jpg","type":"image\/jpeg"}],"twitter_card":"summary_large_image","twitter_misc":{"Est. reading time":"1 minute"},"schema":{"@context":"https:\/\/schema.org","@graph":[{"@type":"WebPage","@id":"https:\/\/gladtreasures.com\/?product=blu-z5-gsm-unlocked-dual-sim-cyan","url":"https:\/\/gladtreasures.com\/?product=blu-z5-gsm-unlocked-dual-sim-cyan","name":"BLU Z5 -GSM Unlocked Dual Sim -Cyan - gladtreasures.com","isPartOf":{"@id":"https:\/\/gladtreasures.com\/#website"},"primaryImageOfPage":{"@id":"https:\/\/gladtreasures.com\/?product=blu-z5-gsm-unlocked-dual-sim-cyan#primaryimage"},"image":{"@id":"https:\/\/gladtreasures.com\/?product=blu-z5-gsm-unlocked-dual-sim-cyan#primaryimage"},"thumbnailUrl":"https:\/\/m.media-amazon.com\/images\/I\/41vzuIPLw2L.jpg","datePublished":"2022-11-19T19:44:58+00:00","dateModified":"2023-04-10T18:56:35+00:00","breadcrumb":{"@id":"https:\/\/gladtreasures.com\/?product=blu-z5-gsm-unlocked-dual-sim-cyan#breadcrumb"},"inLanguage":"en-US","potentialAction":[{"@type":"ReadAction","target":["https:\/\/gladtreasures.com\/?product=blu-z5-gsm-unlocked-dual-sim-cyan"]}]},{"@type":"ImageObject","inLanguage":"en-US","@id":"https:\/\/gladtreasures.com\/?product=blu-z5-gsm-unlocked-dual-sim-cyan#primaryimage","url":"https:\/\/m.media-amazon.com\/images\/I\/41vzuIPLw2L.jpg","contentUrl":"https:\/\/m.media-amazon.com\/images\/I\/41vzuIPLw2L.jpg","width":500,"height":500},{"@type":"BreadcrumbList","@id":"https:\/\/gladtreasures.com\/?product=blu-z5-gsm-unlocked-dual-sim-cyan#breadcrumb","itemListElement":[{"@type":"ListItem","position":1,"name":"Home","item":"https:\/\/gladtreasures.com\/"},{"@type":"ListItem","position":2,"name":"Shop","item":"https:\/\/gladtreasures.com\/?page_id=9"},{"@type":"ListItem","position":3,"name":"BLU Z5 -GSM Unlocked Dual Sim -Cyan"}]},{"@type":"WebSite","@id":"https:\/\/gladtreasures.com\/#website","url":"https:\/\/gladtreasures.com\/","name":"gladtreasures.com","description":"","publisher":{"@id":"https:\/\/gladtreasures.com\/#organization"},"potentialAction":[{"@type":"SearchAction","target":{"@type":"EntryPoint","urlTemplate":"https:\/\/gladtreasures.com\/?s={search_term_string}"},"query-input":{"@type":"PropertyValueSpecification","valueRequired":true,"valueName":"search_term_string"}}],"inLanguage":"en-US"},{"@type":"Organization","@id":"https:\/\/gladtreasures.com\/#organization","name":"gladtreasures.com","url":"https:\/\/gladtreasures.com\/","logo":{"@type":"ImageObject","inLanguage":"en-US","@id":"https:\/\/gladtreasures.com\/#\/schema\/logo\/image\/","url":"https:\/\/gladtreasures.com\/wp-content\/uploads\/2023\/10\/cropped-4yyy-removebg-preview-1.png","contentUrl":"https:\/\/gladtreasures.com\/wp-content\/uploads\/2023\/10\/cropped-4yyy-removebg-preview-1.png","width":512,"height":512,"caption":"gladtreasures.com"},"image":{"@id":"https:\/\/gladtreasures.com\/#\/schema\/logo\/image\/"}}]}},"_links":{"self":[{"href":"https:\/\/gladtreasures.com\/index.php?rest_route=\/wp\/v2\/product\/48171"}],"collection":[{"href":"https:\/\/gladtreasures.com\/index.php?rest_route=\/wp\/v2\/product"}],"about":[{"href":"https:\/\/gladtreasures.com\/index.php?rest_route=\/wp\/v2\/types\/product"}],"replies":[{"embeddable":true,"href":"https:\/\/gladtreasures.com\/index.php?rest_route=%2Fwp%2Fv2%2Fcomments&post=48171"}],"wp:featuredmedia":[{"embeddable":true,"href":"https:\/\/gladtreasures.com\/index.php?rest_route=\/wp\/v2\/media\/48177"}],"wp:attachment":[{"href":"https:\/\/gladtreasures.com\/index.php?rest_route=%2Fwp%2Fv2%2Fmedia&parent=48171"}],"wp:term":[{"taxonomy":"product_cat","embeddable":true,"href":"https:\/\/gladtreasures.com\/index.php?rest_route=%2Fwp%2Fv2%2Fproduct_cat&post=48171"},{"taxonomy":"product_tag","embeddable":true,"href":"https:\/\/gladtreasures.com\/index.php?rest_route=%2Fwp%2Fv2%2Fproduct_tag&post=48171"}],"curies":[{"name":"wp","href":"https:\/\/api.w.org\/{rel}","templated":true}]}}